{"id":9487,"date":"2019-12-27T14:10:18","date_gmt":"2019-12-27T13:10:18","guid":{"rendered":"https:\/\/grandhotel-alingsas.knowe.work\/conditions\/"},"modified":"2024-06-14T13:28:04","modified_gmt":"2024-06-14T11:28:04","slug":"conditions","status":"publish","type":"page","link":"https:\/\/grandhotel-alingsas.knowe.work\/en\/conditions\/","title":{"rendered":"Conditions"},"content":{"rendered":"<p>[et_pb_section fb_built=&#8221;1&#8243; _builder_version=&#8221;4.16&#8243; global_colors_info=&#8221;{}&#8221;][et_pb_row _builder_version=&#8221;4.16&#8243; global_colors_info=&#8221;{}&#8221;][et_pb_column type=&#8221;4_4&#8243; _builder_version=&#8221;4.16&#8243; custom_padding=&#8221;|||&#8221; global_colors_info=&#8221;{}&#8221; custom_padding__hover=&#8221;|||&#8221;][et_pb_text _builder_version=&#8221;4.25.0&#8243; background_size=&#8221;initial&#8221; background_position=&#8221;top_left&#8221; background_repeat=&#8221;repeat&#8221; hover_enabled=&#8221;0&#8243; global_colors_info=&#8221;{}&#8221; sticky_enabled=&#8221;0&#8243;]<\/p>\n<h1>Terms &amp; Conditions<\/h1>\n<p><strong>Check-in time 3 pm<\/strong><br \/><strong>Check-out time 12 pm<\/strong><\/p>\n<p>Property is completely non smoking.<\/p>\n<p>Family Policy &#8211; One Child under 12 years of age stay free in excisting beds with an accompanied adult. Extra beds are only available upon request in a certain number of rooms.<\/p>\n<p>Pet Policy &#8211; Pets are allowed on request and are charged 300 SEK\/stay in a certain number of rooms when you book Classic Double room or Boutique Double room<\/p>\n<p>Tax included &#8211; Accommodation, Food &amp; Beverage 12%. Alcoholic Beverage 25%<\/p>\n<h3>Payment<\/h3>\n<p>We accept all mayor creditcards. NO CASH<\/p>\n<h3>Cancellation<\/h3>\n<p>Rooms can be cancelled until 12:00 on arrival day if booked our &#8220;Best available rate&#8221;. Other restrictions may apply when booking a discounted rate.<\/p>\n<h2>Conditions for groups and events<\/h2>\n<p>Cancellations later than\u00a04 weeks before arrival,\u00a0will be debit with\u00a050% of the total price.<br \/>Cancellations later than 1 week before arrival, will be debit with 100%\u00a0of the total price.<br \/>This under circumstances that the hotel lacks to sell the service to another client.<\/p>\n<p>Payment to be settled by credit card at hotel on arrival day or with bank transfer before arrival.<\/p>\n<p><a href=\"https:\/\/grandhotel-alingsas.knowe.work\/wp-content\/uploads\/2021\/08\/Visita-general-terms-for-conferences-group-bookings-and-other-events.pdf\">Read more about Visitas general terms &gt;&gt;<\/a><\/p>\n<p>[\/et_pb_text][\/et_pb_column][\/et_pb_row][\/et_pb_section]<\/p>\n","protected":false},"excerpt":{"rendered":"<p>Terms &amp; Conditions Check-in time 3 pmCheck-out time 12 pm Property is completely non smoking. Family Policy &#8211; One Child under 12 years of age stay free in excisting beds [&hellip;]<\/p>\n","protected":false},"author":2,"featured_media":0,"parent":0,"menu_order":0,"comment_status":"closed","ping_status":"closed","template":"","meta":{"_et_pb_use_builder":"on","_et_pb_old_content":"[fusion_builder_container hundred_percent=\"yes\" overflow=\"visible\"][fusion_builder_row][fusion_builder_column type=\"1_1\" background_position=\"left top\" background_color=\"\" border_size=\"\" border_color=\"\" border_style=\"solid\" spacing=\"yes\" background_image=\"\" background_repeat=\"no-repeat\" padding=\"\" margin_top=\"0px\" margin_bottom=\"0px\" class=\"\" id=\"\" animation_type=\"\" animation_speed=\"0.3\" animation_direction=\"left\" hide_on_mobile=\"no\" center_content=\"no\" min_height=\"none\"][:en]<h1>Terms and Conditions<\/h1>\r\n<strong>Check-in time 3 pm<\/strong>\r\n<strong> Check-out time 12 pm<\/strong>\r\n\r\nProperty is completely non smoking.\r\n\r\nFamily Policy - One Child under 12 years of age stay free in excisting beds with an accompanied adult. Extra beds are only available upon request in a certain number of rooms.\r\n\r\nPet Policy - Pets are allowed on request and are charged 300 SEK\/stay in a certain number of rooms when you book Classic Double room or Boutique Double room\r\n\r\nTax included - Accommodation, Food &amp; Beverage 12%. Alcoholic Beverage 25%\r\n<h3>Payment<\/h3>\r\nWe accept all mayor creditcards. NO CASH\r\n<h3 data-fontsize=\"20\" data-lineheight=\"30\">Cancellation<\/h3>\r\nRooms can be cancelled until 12:00 on arrival day if booked our \"Best available rate\". Other restrictions may apply when booking a discounted rate.\r\n<h2 data-fontsize=\"33\" data-lineheight=\"49\">Conditions for groups and events<\/h2>\r\nCancellations later than\u00a04 weeks before arrival,\u00a0will be debit with\u00a050% of the total price.\r\nCancellations later than 1 week before arrival, will be debit with 100%\u00a0of the total price.\r\nThis under circumstances that the hotel lacks to sell the service to another client.\r\n\r\nPayment to be settled by credit card at hotel on arrival day or with bank transfer before arrival.\r\n\r\n<strong><a href=\"https:\/\/grandhotel-alingsas.knowe.work\/wp-content\/uploads\/2021\/08\/Visita-general-terms-for-conferences-group-bookings-and-other-events.pdf\" target=\"_blank\" rel=\"noopener\">Read more about Visitas general terms &gt;&gt;<\/a><\/strong>[:sv]<h1>Bokningsvillkor<\/h1>\r\n<strong>Incheckning fr\u00e5n kl 15:00<\/strong>\r\n<strong>Utcheckning kl 12:00<\/strong>\r\n\r\nHotellet \u00e4r helt r\u00f6kfritt\r\n\r\nEtt barn under 12 \u00e5r bor kostnadsfritt i f\u00f6r\u00e4ldrarnas rum. Barn nummer tv\u00e5 debiteras 300 kr\/natt. Barn \u00f6ver 12 \u00e5r debiteras 300 kr\/natt. Extras\u00e4ngar endast p\u00e5 f\u00f6rfr\u00e5gan innan incheckning i enstaka rum. B\u00e4ddbar soffa finns i Boutique Familjerum. Spj\u00e4ls\u00e4ng finns p\u00e5 f\u00f6rfr\u00e5gan utan kostnad.\r\n\r\nHusdjur \u00e4r till\u00e5tna i vissa rum p\u00e5 f\u00f6rfr\u00e5gan mot en avgift p\u00e5 300 kr\/vistelse. G\u00e4ller Classic Dubbelrum samt Boutique Dubbelrum\r\n\r\nPriser presenterade p\u00e5 hemsidan inkluderar moms om inget annat \u00e4r angivet.\r\n<h3>Betalning<\/h3>\r\nVi accepterar de flesta betal- och kreditkort. HOTELLET \u00c4R KONTANTFRITT.\r\n<h3>Avbokningsregler<\/h3>\r\nRum kan avbokas fram till kl 12 p\u00e5 ankomstdagen om det inte \u00e4r restriktioner knutna till priset. Detta syns i bokningsbekr\u00e4ftelsen som skickas ut i samband med att bokningen g\u00f6rs.\r\nRabatterade priser som f\u00f6rskottsbetalats kan inte avbokas med \u00e5terbetalning.\r\n\r\nI \u00f6vrigt anv\u00e4nder vi oss av Visitas r\u00e5d om <span style=\"color: #000000;\"><strong><a style=\"color: #000000;\" href=\"https:\/\/grandhotel-alingsas.knowe.work\/wp-content\/uploads\/2020\/03\/Visita-att-bo-pa-hotell.pdf\">\"Att bo p\u00e5 hotell\" &gt;&gt;<\/a><\/strong><\/span>\r\n<h2>Bokningsvillkor grupp &amp; konferens<\/h2>\r\nAvbokningar som sker senare \u00e4n 4 veckor f\u00f6re best\u00e4lld tid, debiteras med 50% av avtalat pris.\r\nAvbokningar som sker senare \u00e4n 1 vecka f\u00f6re best\u00e4lld tid, debiteras med 100% av avtalat pris.\r\nOvan under f\u00f6ruts\u00e4ttning att hotellet inte kan s\u00e4lja tj\u00e4nst till annan kund.\r\nI \u00f6vrigt anv\u00e4nder vi oss av <span style=\"color: #000000;\"><strong><a style=\"color: #000000;\" href=\"https:\/\/grandhotel-alingsas.knowe.work\/wp-content\/uploads\/2020\/03\/Visita_allmanna-villkor141101_konferenser_gruppbokningar.pdf\">Visitas avbokningsregler &gt;&gt;<\/a><\/strong><\/span>\r\n\r\n&nbsp;[:][\/fusion_builder_column][\/fusion_builder_row][\/fusion_builder_container]","_et_gb_content_width":"","footnotes":""},"_links":{"self":[{"href":"https:\/\/grandhotel-alingsas.knowe.work\/en\/wp-json\/wp\/v2\/pages\/9487"}],"collection":[{"href":"https:\/\/grandhotel-alingsas.knowe.work\/en\/wp-json\/wp\/v2\/pages"}],"about":[{"href":"https:\/\/grandhotel-alingsas.knowe.work\/en\/wp-json\/wp\/v2\/types\/page"}],"author":[{"embeddable":true,"href":"https:\/\/grandhotel-alingsas.knowe.work\/en\/wp-json\/wp\/v2\/users\/2"}],"replies":[{"embeddable":true,"href":"https:\/\/grandhotel-alingsas.knowe.work\/en\/wp-json\/wp\/v2\/comments?post=9487"}],"version-history":[{"count":4,"href":"https:\/\/grandhotel-alingsas.knowe.work\/en\/wp-json\/wp\/v2\/pages\/9487\/revisions"}],"predecessor-version":[{"id":9513,"href":"https:\/\/grandhotel-alingsas.knowe.work\/en\/wp-json\/wp\/v2\/pages\/9487\/revisions\/9513"}],"wp:attachment":[{"href":"https:\/\/grandhotel-alingsas.knowe.work\/en\/wp-json\/wp\/v2\/media?parent=9487"}],"curies":[{"name":"wp","href":"https:\/\/api.w.org\/{rel}","templated":true}]}}