{"id":9535,"date":"2024-06-17T09:51:50","date_gmt":"2024-06-17T07:51:50","guid":{"rendered":"https:\/\/grandhotel-alingsas.knowe.work\/?page_id=9535"},"modified":"2024-08-19T14:04:20","modified_gmt":"2024-08-19T12:04:20","slug":"frontpage","status":"publish","type":"page","link":"https:\/\/grandhotel-alingsas.knowe.work\/en\/","title":{"rendered":"Frontpage"},"content":{"rendered":"<p>[et_pb_section fb_built=&#8221;1&#8243; _builder_version=&#8221;4.24.3&#8243; _module_preset=&#8221;default&#8221; custom_margin=&#8221;0px||0px||true|false&#8221; custom_padding=&#8221;0px||0px||true|false&#8221; global_colors_info=&#8221;{}&#8221;][et_pb_row _builder_version=&#8221;4.24.3&#8243; _module_preset=&#8221;default&#8221; width=&#8221;100%&#8221; custom_margin=&#8221;0px||0px||false|false&#8221; custom_padding=&#8221;0px||0px||false|false&#8221; global_colors_info=&#8221;{}&#8221;][et_pb_column type=&#8221;4_4&#8243; _builder_version=&#8221;4.24.3&#8243; _module_preset=&#8221;default&#8221; global_colors_info=&#8221;{}&#8221;][et_pb_nextend_smart_slider_3 slider=&#8221;3&#8243; _builder_version=&#8221;4.24.3&#8243; _module_preset=&#8221;default&#8221; global_colors_info=&#8221;{}&#8221;][\/et_pb_nextend_smart_slider_3][\/et_pb_column][\/et_pb_row][\/et_pb_section][et_pb_section fb_built=&#8221;1&#8243; specialty=&#8221;on&#8221; _builder_version=&#8221;4.24.3&#8243; _module_preset=&#8221;default&#8221; width=&#8221;100%&#8221; max_width=&#8221;100%&#8221; inner_width=&#8221;70%&#8221; inner_width_tablet=&#8221;80%&#8221; inner_width_phone=&#8221;80%&#8221; inner_width_last_edited=&#8221;on|phone&#8221; inner_max_width=&#8221;100%&#8221; custom_margin=&#8221;||-13px|||&#8221; custom_padding=&#8221;||6px|||&#8221; global_colors_info=&#8221;{}&#8221;][et_pb_column type=&#8221;1_2&#8243; _builder_version=&#8221;4.16&#8243; custom_padding=&#8221;|||&#8221; global_colors_info=&#8221;{}&#8221; custom_padding__hover=&#8221;|||&#8221;][et_pb_text _builder_version=&#8221;4.24.3&#8243; _module_preset=&#8221;default&#8221; header_font_size=&#8221;34px&#8221; global_colors_info=&#8221;{}&#8221;]<\/p>\n<div class=\"et_pb_module et_pb_text et_pb_text_0_tb_footer  et_pb_text_align_left et_pb_bg_layout_light\">\n<div class=\"et_pb_text_inner\">\n<h1 class=\"title-heading-center\" data-fontsize=\"50\" data-lineheight=\"70\">Welcome to the Grand Hotel in Alings\u00e5s<\/h1>\n<\/div>\n<\/div>\n<p>[\/et_pb_text][et_pb_text _builder_version=&#8221;4.26.0&#8243; _module_preset=&#8221;default&#8221; global_colors_info=&#8221;{}&#8221;]<\/p>\n<p>Grand Hotel is a historic hotel built in 1911 in the heart of the cozy<span>\u00a0<\/span><strong><a href=\"https:\/\/www.vastsverige.com\/alingsas\/\">Caf\u00e9 City of Alings\u00e5s<\/a>.<\/strong><span>\u00a0<\/span>We welcome both private individuals and companies who appreciate the good things in life and who want to add a golden touch to their existence. Alings\u00e5s is worth a visit all year round \u2013 take a relaxed shopping trip in personal stores and take a break in one of the city\u2019s many caf\u00e9s. A city of its own, just outside Gothenburg, surrounded by several lakes and beautiful countryside.<\/p>\n<p>With personal commitment from us, we hope that you will have a pleasant stay at the hotel and we will do everything to make you feel comfortable!<\/p>\n<p>The Hartman\/Persson family with staff<\/p>\n<p><strong><a href=\"https:\/\/test-grandhotel-alingsas.knowe.work\/vi-alskar-alingsas\/\">We at Grand love Alings\u00e5s \u2013 Read more about our tips for experiences here &gt;&gt;<\/a><\/strong><\/p>\n<p><strong><\/strong><\/p>\n<p>[\/et_pb_text][et_pb_image src=&#8221;https:\/\/grandhotel-alingsas.knowe.work\/wp-content\/uploads\/2016\/05\/Boka_Bord_knapp_Grand_Hotel-1.jpg&#8221; title_text=&#8221;Boka_Bord_knapp_Grand_Hotel&#8221; url=&#8221;https:\/\/grandhotel-alingsas.knowe.work\/restaurang\/boka-bord\/&#8221; _builder_version=&#8221;4.24.3&#8243; _module_preset=&#8221;default&#8221; global_colors_info=&#8221;{}&#8221;][\/et_pb_image][\/et_pb_column][et_pb_column type=&#8221;1_2&#8243; specialty_columns=&#8221;2&#8243; _builder_version=&#8221;4.16&#8243; custom_padding=&#8221;|||&#8221; global_colors_info=&#8221;{}&#8221; custom_padding__hover=&#8221;|||&#8221;][et_pb_row_inner _builder_version=&#8221;4.24.3&#8243; _module_preset=&#8221;default&#8221; global_colors_info=&#8221;{}&#8221;][et_pb_column_inner saved_specialty_column_type=&#8221;1_2&#8243; _builder_version=&#8221;4.24.3&#8243; _module_preset=&#8221;default&#8221; global_colors_info=&#8221;{}&#8221;][et_pb_video src=&#8221;https:\/\/youtu.be\/J2fyPpYgmZg&#8221; _builder_version=&#8221;4.24.3&#8243; _module_preset=&#8221;default&#8221; global_colors_info=&#8221;{}&#8221;][\/et_pb_video][\/et_pb_column_inner][\/et_pb_row_inner][\/et_pb_column][\/et_pb_section][et_pb_section fb_built=&#8221;1&#8243; _builder_version=&#8221;4.24.3&#8243; _module_preset=&#8221;default&#8221; width=&#8221;100%&#8221; max_width=&#8221;100%&#8221; custom_padding=&#8221;||3px|||&#8221; global_colors_info=&#8221;{}&#8221;][et_pb_row _builder_version=&#8221;4.24.3&#8243; _module_preset=&#8221;default&#8221; width=&#8221;70%&#8221; global_colors_info=&#8221;{}&#8221;][et_pb_column type=&#8221;4_4&#8243; _builder_version=&#8221;4.24.3&#8243; _module_preset=&#8221;default&#8221; global_colors_info=&#8221;{}&#8221;][et_pb_text _builder_version=&#8221;4.25.0&#8243; _module_preset=&#8221;default&#8221; link_text_color=&#8221;#C6AE70&#8243; global_colors_info=&#8221;{}&#8221;]<\/p>\n<h2 data-fontsize=\"33\" data-lineheight=\"49\">Currently at Grand \u2013 Hotel Packages!<\/h2>\n<p><strong><a href=\"https:\/\/test-grandhotel-alingsas.knowe.work\/produkt-kategori\/erbjudande\/\">See all Events &amp; Package Offers &gt;&gt;<\/a><\/strong><\/p>\n<p>&nbsp;<\/p>\n<p>[\/et_pb_text][et_pb_shop type=&#8221;product_category&#8221; posts_number=&#8221;8&#8243; include_categories=&#8221;45&#8243; columns_number=&#8221;4&#8243; orderby=&#8221;date-desc&#8221; _builder_version=&#8221;4.25.0&#8243; _module_preset=&#8221;default&#8221; title_font=&#8221;Georgia||||||||&#8221; title_text_color=&#8221;#C6AE70&#8243; title_font_size=&#8221;20px&#8221; price_font_size=&#8221;16px&#8221; sale_price_text_color=&#8221;#000000&#8243; sale_price_font_size=&#8221;16px&#8221; text_orientation=&#8221;left&#8221; border_width_all_image=&#8221;5px&#8221; border_color_all_image=&#8221;#C6AE70&#8243; border_style_all_image=&#8221;double&#8221; global_colors_info=&#8221;{}&#8221;][\/et_pb_shop][\/et_pb_column][\/et_pb_row][\/et_pb_section][et_pb_section fb_built=&#8221;1&#8243; custom_padding_last_edited=&#8221;on|phone&#8221; _builder_version=&#8221;4.24.3&#8243; _module_preset=&#8221;default&#8221; width=&#8221;100%&#8221; max_width=&#8221;100%&#8221; custom_margin_tablet=&#8221;&#8221; custom_margin_phone=&#8221;0px||0px||true|false&#8221; custom_margin_last_edited=&#8221;on|phone&#8221; custom_padding=&#8221;||||false|false&#8221; custom_padding_tablet=&#8221;||||false|false&#8221; custom_padding_phone=&#8221;0px||||false|false&#8221; global_colors_info=&#8221;{}&#8221;][et_pb_row column_structure=&#8221;1_2,1_2&#8243; _builder_version=&#8221;4.24.3&#8243; _module_preset=&#8221;default&#8221; width=&#8221;70%&#8221; global_colors_info=&#8221;{}&#8221;][et_pb_column type=&#8221;1_2&#8243; _builder_version=&#8221;4.24.3&#8243; _module_preset=&#8221;default&#8221; global_colors_info=&#8221;{}&#8221;][et_pb_blurb title=&#8221;RENT A BIKE WITH US&#8221; image=&#8221;https:\/\/grandhotel-alingsas.knowe.work\/wp-content\/uploads\/2016\/05\/HyrcykelGrand1000.jpg&#8221; content_max_width=&#8221;100%&#8221; _builder_version=&#8221;4.25.0&#8243; _module_preset=&#8221;default&#8221; header_font=&#8221;Georgia||||||||&#8221; header_text_color=&#8221;#C6AE70&#8243; body_font_size=&#8221;16px&#8221; global_colors_info=&#8221;{}&#8221;]<\/p>\n<p><span>Discover Alings\u00e5s by bike. In collaboration with Alings\u00e5s Municipality, we rent out 4 functional bikes on a daily basis.<\/span><\/p>\n<p><strong><a href=\"https:\/\/grandhotel-alingsas.knowe.work\/erbjudande\/hyr-en-cykel\/\">Read more &gt;&gt;<\/a><\/strong><\/p>\n<p>[\/et_pb_blurb][et_pb_blurb title=&#8221;GOTALEDEN&#8221; image=&#8221;https:\/\/grandhotel-alingsas.knowe.work\/wp-content\/uploads\/2016\/05\/Gotaleden_0300-Photo-Cred-Jonas-Ingman.jpg&#8221; content_max_width=&#8221;100%&#8221; _builder_version=&#8221;4.25.0&#8243; _module_preset=&#8221;default&#8221; header_font=&#8221;Georgia||||||||&#8221; header_text_color=&#8221;#C6AE70&#8243; body_font_size=&#8221;16px&#8221; custom_padding=&#8221;|||2px||&#8221; global_colors_info=&#8221;{}&#8221;]<\/p>\n<p><span>Hike through stunning nature between Alings\u00e5s and Gothenburg \u2013 Gotaleden offers you 9 stages with a total of 71 km.\u00a0<\/span><\/p>\n<p><strong><a href=\"https:\/\/gotaleden.se\/\">Read more at Gotaleden.se &gt;&gt;<\/a><\/strong><\/p>\n<p>[\/et_pb_blurb][\/et_pb_column][et_pb_column type=&#8221;1_2&#8243; _builder_version=&#8221;4.24.3&#8243; _module_preset=&#8221;default&#8221; global_colors_info=&#8221;{}&#8221;][et_pb_blurb title=&#8221;WELCOME TO THE CAF\u00c9 CITY OF ALINGS\u00c5S&#8221; image=&#8221;https:\/\/grandhotel-alingsas.knowe.work\/wp-content\/uploads\/2019\/12\/Nygrens-gard-fika.jpg&#8221; content_max_width=&#8221;100%&#8221; _builder_version=&#8221;4.25.0&#8243; _module_preset=&#8221;default&#8221; header_font=&#8221;Georgia||||||||&#8221; header_text_color=&#8221;#C6AE70&#8243; body_font_size=&#8221;16px&#8221; global_colors_info=&#8221;{}&#8221;]<\/p>\n<p><span>We at Grand love Alings\u00e5s \u2013\u00a0<\/span><strong><a href=\"https:\/\/test-grandhotel-alingsas.knowe.work\/vi-alskar-alingsas\/\">Read more about our tips for experiences here &gt;&gt;<\/a><\/strong><\/p>\n<p>[\/et_pb_blurb][et_pb_blurb title=&#8221;JUST OUTSIDE GOTHENBURG \u2013 EXCELLENT DESTINATIONS WORTH A VISIT&#8221; image=&#8221;https:\/\/grandhotel-alingsas.knowe.work\/wp-content\/uploads\/2016\/05\/straxutanforgbg_inland_960x570.jpg&#8221; content_max_width=&#8221;100%&#8221; _builder_version=&#8221;4.25.0&#8243; _module_preset=&#8221;default&#8221; header_font=&#8221;Georgia||||||||&#8221; header_text_color=&#8221;#C6AE70&#8243; body_font_size=&#8221;16px&#8221; global_colors_info=&#8221;{}&#8221;]<\/p>\n<p>Alings\u00e5s is one of six selected attractions that are part of the Just Outside Gothenburg concept. H\u00f6n\u00f6, Gunnebo Castle, Marstrand, Styrs\u00f6 &amp; Vr\u00e5ng\u00f6, and Floda &amp; N\u00e4\u00e4s are the other nearby destinations that you can easily reach from Gothenburg.<\/p>\n<p>Read more about the destinations Just Outside Gothenburg here:<span>\u00a0<\/span><span>\u00a0<\/span><strong><a href=\"https:\/\/www.vastsverige.com\/straxutanforgoteborg\/?fbclid=IwAR2JABGURJQD41T2Dx9GDkPRheOMbbseh7Bj0wFgzOMG-5OAKynxX_KHWFI\" target=\"_blank\" rel=\"noopener noreferrer\" data-lynx-uri=\"https:\/\/l.facebook.com\/l.php?u=https%3A%2F%2Fwww.vastsverige.com%2Fstraxutanforgoteborg%2F%3Ffbclid%3DIwAR2JABGURJQD41T2Dx9GDkPRheOMbbseh7Bj0wFgzOMG-5OAKynxX_KHWFI&amp;h=AT29lrIk30mZDIXn7S65wo4ml-yF3u67l3ZWaY4AQFu3JYed7xBtdRZgJB4lcj3M4OomVVdtGTYn59Hr1HTKfLb_5y_8eTgurMr_qpjSaGp9KcIWyljLQy6ss1cNDtrcvrFByZdBuMry0EHcm60744fiGgLzhbeQLXc-CqNnFfeIK7qkqQjdT9CsTVdgSJHsV3-oqCjsRnMFeB5eI-U9EH-G9pYrugFF7nc3lm3VK22dhReR3VfZ5fm2mDHQQrhkiGUgpQTMetg7Kx2fzvxSGW5bObVsLLc7V_sl4vq3ngTS69cbtX8rAfqOK1QhLb7YqFtAkHuM1q79ZzCKwnBNMQw9sOnXfHgJdweZHbcYpH24JmR35bBfR3iqZM6-ErofYeM8ox31ijMLzf8zVc9s27ONEAXDWDzsSy2xptflpYBaB9OPoAk-IEUM5G_aGPcydKHjKIHcCT2yEN3XE_c1hsCy40KXZBIq8lISO7NO04fm4dAtQLB7O856b6KDcvnImCMRZqK3vr3kXOb5b6GcpW2PCsarsQ9y6BfRN5Q_Yqm7w2N8Lpbb_7b1Zg_fXSREZwCrWNRxiZCIJ5cZE_2YqZ15t6cIzAwEFfgsmTKlx0U\" data-lynx-mode=\"origin\" data-ft=\"{\">https:\/\/www.vastsverige.com\/straxutanforgoteborg<\/a><\/strong><\/p>\n<p>&nbsp;<\/p>\n<p>[\/et_pb_blurb][\/et_pb_column][\/et_pb_row][\/et_pb_section]<\/p>\n","protected":false},"excerpt":{"rendered":"<p>Welcome to the Grand Hotel in Alings\u00e5s Grand Hotel is a historic hotel built in 1911 in the heart of the cozy\u00a0Caf\u00e9 City of Alings\u00e5s.\u00a0We welcome both private individuals and [&hellip;]<\/p>\n","protected":false},"author":24,"featured_media":0,"parent":0,"menu_order":0,"comment_status":"closed","ping_status":"closed","template":"","meta":{"_et_pb_use_builder":"on","_et_pb_old_content":"","_et_gb_content_width":"","footnotes":""},"_links":{"self":[{"href":"https:\/\/grandhotel-alingsas.knowe.work\/en\/wp-json\/wp\/v2\/pages\/9535"}],"collection":[{"href":"https:\/\/grandhotel-alingsas.knowe.work\/en\/wp-json\/wp\/v2\/pages"}],"about":[{"href":"https:\/\/grandhotel-alingsas.knowe.work\/en\/wp-json\/wp\/v2\/types\/page"}],"author":[{"embeddable":true,"href":"https:\/\/grandhotel-alingsas.knowe.work\/en\/wp-json\/wp\/v2\/users\/24"}],"replies":[{"embeddable":true,"href":"https:\/\/grandhotel-alingsas.knowe.work\/en\/wp-json\/wp\/v2\/comments?post=9535"}],"version-history":[{"count":17,"href":"https:\/\/grandhotel-alingsas.knowe.work\/en\/wp-json\/wp\/v2\/pages\/9535\/revisions"}],"predecessor-version":[{"id":10345,"href":"https:\/\/grandhotel-alingsas.knowe.work\/en\/wp-json\/wp\/v2\/pages\/9535\/revisions\/10345"}],"wp:attachment":[{"href":"https:\/\/grandhotel-alingsas.knowe.work\/en\/wp-json\/wp\/v2\/media?parent=9535"}],"curies":[{"name":"wp","href":"https:\/\/api.w.org\/{rel}","templated":true}]}}