{"id":10253,"date":"2024-08-14T10:49:41","date_gmt":"2024-08-14T08:49:41","guid":{"rendered":"https:\/\/grandhotel-alingsas.knowe.work\/?post_type=product&#038;p=10253"},"modified":"2024-08-27T10:59:59","modified_gmt":"2024-08-27T08:59:59","slug":"miskovsky","status":"publish","type":"product","link":"https:\/\/grandhotel-alingsas.knowe.work\/en\/produkt\/miskovsky\/","title":{"rendered":"Lisa Miskovsky 15 &#038; 16\/11"},"content":{"rendered":"<p><strong>Lisa Miskovsky Dinnershow<br \/>\n<\/strong>Platinas\u00e4ljande <strong>Lisa Miskovsky<\/strong> \u00e4r en av musiksveriges absolut mest folkk\u00e4ra och etablerade artister och l\u00e5tskrivare med \u00f6ver 200 000 s\u00e5lda album och otaliga priser och utm\u00e4rkelser i bagaget. Nu \u00e4r hon aktuell med nytt material, och f\u00f6r f\u00f6rsta g\u00e5ngen skriver och sjunger hon p\u00e5 svenska!<\/p>\n<p>P\u00e5 EP:n <strong>\u00b4Eljest\u00b4<\/strong> fr\u00e5n 2023 samarbetar Lisa bl.a. med prisade textf\u00f6rfattaren Annika Norlin (S\u00e4kert, Hello Saferide). F\u00f6rsta smakprovet \u00e4r singeln \u2019Jag som vann\u2019 d\u00e4r Annika skrivit en svensk text till l\u00e5ten \u2019Best to Come\u2019, som sedan spelats in i en mer avskalad version. \u201dSvenska\u00a0spr\u00e5ket tar mig tillbaka till mina r\u00f6tter i det enkla och nakna.\u201d F\u00f6rutom nytt material p\u00e5 svenska kommer Lisa framf\u00f6ra musik fr\u00e5n en tjugo\u00e5rig l\u00e5ng karri\u00e4r. Vem minns inte l\u00e5tar som Lady Stardust, Driving one of Your Cars, Why Start a Fire? och Best to Come med fler.<\/p>\n<p>Lisa g\u00f6r nu tv\u00e5 unika konsertkv\u00e4llar p\u00e5 anrika Grand Hotel i Alings\u00e5s. Biljettsl\u00e4pp m\u00e5ndag 12\/8<br \/>\n<strong>Biljetter: <\/strong>Samtliga biljetterna s\u00e4ljs via <strong><a href=\"https:\/\/nortic.se\/ticket\/event\/60316\" target=\"_blank\" rel=\"noopener\">Nortic.se<\/a>\u00a0 <\/strong><\/p>\n<ul>\n<li>Showbiljett: 495 kr<\/li>\n<li>Show med 3-r\u00e4ttersmiddag 990 kr<\/li>\n<li>Barbiljett med sidosikt: 395 kr<img loading=\"lazy\" decoding=\"async\" class=\"aligncenter wp-image-10258 size-full\" src=\"https:\/\/grandhotel-alingsas.knowe.work\/wp-content\/uploads\/2024\/08\/Meny-Miskovsky_2024.jpg\" alt=\"\" width=\"1000\" height=\"302\" srcset=\"https:\/\/grandhotel-alingsas.knowe.work\/wp-content\/uploads\/2024\/08\/Meny-Miskovsky_2024.jpg 1000w, https:\/\/grandhotel-alingsas.knowe.work\/wp-content\/uploads\/2024\/08\/Meny-Miskovsky_2024-980x296.jpg 980w, https:\/\/grandhotel-alingsas.knowe.work\/wp-content\/uploads\/2024\/08\/Meny-Miskovsky_2024-480x145.jpg 480w\" sizes=\"(min-width: 0px) and (max-width: 480px) 480px, (min-width: 481px) and (max-width: 980px) 980px, (min-width: 981px) 1000px, 100vw\" \/><\/li>\n<\/ul>\n<p><strong>\u00d6ppettider:<br \/>\n<\/strong>17:00\u00a0\u00a0\u00a0\u00a0\u00a0\u00a0\u00a0\u00a0\u00a0\u00a0\u00a0 Baren \u00f6ppnar<br \/>\n18:00\u00a0\u00a0\u00a0\u00a0\u00a0\u00a0\u00a0\u00a0\u00a0\u00a0\u00a0 Servering 3 r\u00e4tter inkl. kaffe<br \/>\n20:30\u00a0 \u00a0 \u00a0 \u00a0 \u00a0 \u00a0 Showstart \u2013 show ca 2 timmar med 30 min paus<br \/>\n24:00\u00a0 \u00a0 \u00a0 \u00a0 \u00a0 \u00a0 Baren st\u00e4nger &#8211; Tack f\u00f6r ikv\u00e4ll!<\/p>\n<p><strong>Hotellrum p\u00e5 Grand Hotel:<br \/>\n<\/strong>Dubbelrum med frukostbuff\u00e9 1 495 kr\/natt Enkelrum med frukostbuff\u00e9 1195 kr \/ natt<br \/>\n<strong>Bokningskod<\/strong>: &#8220;Miskovsky24&#8221; &#8211; priserna g\u00e4ller vid k\u00f6pt biljett<br \/>\n<strong><a href=\"https:\/\/reservations.travelclick.com\/99544?groupID=3938382&amp;language=16\" target=\"_blank\" rel=\"noopener noreferrer\">Boka ditt hotellrum h\u00e4r &gt;&gt;<\/a><\/strong><\/p>\n","protected":false},"excerpt":{"rendered":"<p><strong>Lisa Miskovsky Dinnershow 15 &amp; 16\/11<\/strong><\/p>\n","protected":false},"featured_media":10254,"comment_status":"closed","ping_status":"closed","template":"","meta":{"_et_pb_use_builder":"off","_et_pb_old_content":"<strong>Lisa Miskovsky Dinnershow\u00a0<\/strong>\r\n\r\nPlatinas\u00e4ljande <strong>Lisa Miskovsky<\/strong> \u00e4r en av musiksveriges absolut mest folkk\u00e4ra och etablerade artister och l\u00e5tskrivare med \u00f6ver 200 000 s\u00e5lda album och otaliga priser och utm\u00e4rkelser i bagaget. Nu \u00e4r hon aktuell med nytt material, och f\u00f6r f\u00f6rsta g\u00e5ngen skriver och sjunger hon p\u00e5 svenska!\r\n\r\nP\u00e5 EP:n <strong>\u00b4Eljest\u00b4<\/strong> fr\u00e5n 2023 samarbetar Lisa bl.a. med prisade textf\u00f6rfattaren Annika Norlin (S\u00e4kert, Hello Saferide). F\u00f6rsta smakprovet \u00e4r singeln \u2019Jag som vann\u2019 d\u00e4r Annika skrivit en svensk text till l\u00e5ten \u2019Best to Come\u2019, som sedan spelats in i en mer avskalad version. \u201dSvenska\u00a0spr\u00e5ket tar mig tillbaka till mina r\u00f6tter i det enkla och nakna.\u201d\r\n\r\nF\u00f6rutom nytt material p\u00e5 svenska kommer Lisa framf\u00f6ra musik fr\u00e5n en tjugo\u00e5rig l\u00e5ng karri\u00e4r. Vem minns inte l\u00e5tar som Lady Stardust, Driving one of Your Cars, Why Start a Fire? och Best to Come med fler.\r\n\r\nLisa g\u00f6r nu tv\u00e5 unika konsertkv\u00e4llar p\u00e5 anrika Grand Hotel i Alings\u00e5s. Biljettsl\u00e4pp m\u00e5ndag 12\/8\r\n\r\n<strong>Biljetter:\r\n<\/strong>Samtliga biljetterna s\u00e4ljs via <strong><a href=\"https:\/\/nortic.se\/ticket\/event\/60316\" target=\"_blank\" rel=\"noopener\">Nortic.se<\/a>\u00a0 <\/strong>\r\n<ul>\r\n \t<li>Showbiljett: 495 kr<\/li>\r\n \t<li>Show med 3-r\u00e4ttersmiddag 990 kr<\/li>\r\n \t<li>Barbiljett: 395 kr<img class=\"aligncenter wp-image-10258 size-full\" src=\"https:\/\/grandhotel-alingsas.knowe.work\/wp-content\/uploads\/2024\/08\/Meny-Miskovsky_2024.jpg\" alt=\"\" width=\"1000\" height=\"302\" \/><\/li>\r\n<\/ul>\r\n<strong>\u00d6ppettider:\r\n<\/strong>17:00\u00a0\u00a0\u00a0\u00a0\u00a0\u00a0\u00a0\u00a0\u00a0\u00a0\u00a0 Baren \u00f6ppnar\r\n18:00\u00a0\u00a0\u00a0\u00a0\u00a0\u00a0\u00a0\u00a0\u00a0\u00a0\u00a0 Servering 3 r\u00e4tter inkl. kaffe\r\n20:30\u00a0 \u00a0 \u00a0 \u00a0 \u00a0 \u00a0 Showstart \u2013 show ca 2 timmar med 30 min paus\r\n24:00\u00a0\u00a0\u00a0\u00a0\u00a0\u00a0\u00a0\u00a0\u00a0\u00a0\u00a0 Baren st\u00e4nger - Tack f\u00f6r ikv\u00e4ll!\r\n\r\n<strong>Hotellrum p\u00e5 Grand Hotel:\r\n<\/strong>Dubbelrum med frukostbuff\u00e9 1 495 kr \/ natt\r\nEnkelrum med frukostbuff\u00e9 1 195 kr \/ natt\r\n\r\n<strong>Bokningskod<\/strong>: \"Miskovsky24\" - priserna g\u00e4ller vid k\u00f6pt biljett\r\n\r\n<strong><a href=\"https:\/\/reservations.travelclick.com\/99544?groupID=3938382&language=16\" target=\"_blank\" rel=\"noopener noreferrer\">Boka ditt hotellrum h\u00e4r >><\/a><\/strong>","_et_gb_content_width":""},"product_cat":[9,15],"product_tag":[],"_links":{"self":[{"href":"https:\/\/grandhotel-alingsas.knowe.work\/en\/wp-json\/wp\/v2\/product\/10253"}],"collection":[{"href":"https:\/\/grandhotel-alingsas.knowe.work\/en\/wp-json\/wp\/v2\/product"}],"about":[{"href":"https:\/\/grandhotel-alingsas.knowe.work\/en\/wp-json\/wp\/v2\/types\/product"}],"replies":[{"embeddable":true,"href":"https:\/\/grandhotel-alingsas.knowe.work\/en\/wp-json\/wp\/v2\/comments?post=10253"}],"wp:featuredmedia":[{"embeddable":true,"href":"https:\/\/grandhotel-alingsas.knowe.work\/en\/wp-json\/wp\/v2\/media\/10254"}],"wp:attachment":[{"href":"https:\/\/grandhotel-alingsas.knowe.work\/en\/wp-json\/wp\/v2\/media?parent=10253"}],"wp:term":[{"taxonomy":"product_cat","embeddable":true,"href":"https:\/\/grandhotel-alingsas.knowe.work\/en\/wp-json\/wp\/v2\/product_cat?post=10253"},{"taxonomy":"product_tag","embeddable":true,"href":"https:\/\/grandhotel-alingsas.knowe.work\/en\/wp-json\/wp\/v2\/product_tag?post=10253"}],"curies":[{"name":"wp","href":"https:\/\/api.w.org\/{rel}","templated":true}]}}