{"id":1374,"date":"2023-05-12T14:24:08","date_gmt":"2023-05-12T12:24:08","guid":{"rendered":"https:\/\/grandhotel-alingsas.knowe.work\/?post_type=product&#038;p=1374"},"modified":"2024-09-24T18:36:14","modified_gmt":"2024-09-24T16:36:14","slug":"nyar-pa-grand-hotel","status":"publish","type":"product","link":"https:\/\/grandhotel-alingsas.knowe.work\/en\/produkt\/nyar-pa-grand-hotel\/","title":{"rendered":"Ny\u00e5r p\u00e5 Grand"},"content":{"rendered":"<p><a class=\"single_add_to_cart_button button alt\" href=\"https:\/\/reservations.travelclick.com\/99544?ProdID=695022&amp;LanguageID=16\" target=\"_blank\" rel=\"nofollow noopener noreferrer\">BOKA PAKET<\/a><\/p>\n<p><em><strong>Fira in 2025 med oss p\u00e5 Grand Hotel i Alings\u00e5s &#8211; sk\u00f6na hotellrum, god mat &amp; bubbel. Underh\u00e5llningen med show bjuder Andrea, Ronnie, Frida &amp; Pelle med saxen p\u00e5!\u00a0<\/strong><\/em><\/p>\n<p>G\u00e4sterna erbjuds incheckning fr\u00e5n kl 13. I hotellets lounge serveras kaffe &amp; te och mellan 14 &#8211; 17:30 st\u00e5r ostbrickan framme.<br \/>\nV\u00e5r Matsal &amp; Bar \u00e4r \u00f6ppen fr\u00e5n kl 17. Vid 18.30 bjuds g\u00e4sterna p\u00e5 bubbel &amp; kanap\u00e9 i baren och d\u00e4refter g\u00e5r vi till vackert dukade bord d\u00e4r Grands matsalsteam serverar en v\u00e4lkomponerad tre-r\u00e4tters sup\u00e9 med show. \u00c5rets ny\u00e5rsshow \u201dThat 60\u2019s &amp; 70\u2019s Show\u201d best\u00e5r av artisterna Andrea, Ronnie, Frida och Pelle med saxen som g\u00f6r en storslagen hyllning till musiken fr\u00e5n de gyllene \u00e5ren p\u00e5 -60 och -70-talet. Tolvslaget r\u00e4knas sedan in gemensamt med tillh\u00f6rande konfetti och sk\u00f6ns\u00e5ng. F\u00f6r den som orkar sen spelas partyhits med DJ fram till 02:00.<\/p>\n<h3><span style=\"color: #941e29;\"><a style=\"color: #941e29;\" href=\"https:\/\/grandhotel-alingsas.knowe.work\/restaurang\/nyar\"><strong>Ny\u00e5rspaket &#8211; f\u00f6r alla Er som sover hemma 1.595 kr &#8211; L\u00e4s mer &gt;&gt;<\/strong><\/a><\/span><\/h3>\n<h3><strong>Hotellpaket &#8211; Pris: 2.795 kr per person<\/strong><\/h3>\n<p><strong>Paketet inkluderar:<\/strong><\/p>\n<ul>\n<li>Ostbricka<\/li>\n<li>V\u00e4lkomstbubbel med kanap\u00e9<\/li>\n<li>Tre-r\u00e4tters ny\u00e5rssup\u00e9<\/li>\n<li>Ny\u00e5rsshow \u201dThat 60\u2019s &amp; 70\u2019s Show\u201d<\/li>\n<li>Nedr\u00e4kning av tolvslaget med konfetti &amp; sk\u00f6ns\u00e5ng<\/li>\n<li>Dans till DJ<\/li>\n<li>Logi i dubbelrum med tidig incheckning och sen utcheckning<\/li>\n<li>Frukostbuff\u00e9<\/li>\n<\/ul>\n<p><em>Enkelrumstill\u00e4gg \u2013 300 kr<br \/>\n<\/em><em>F\u00f6rl\u00e4ng vistelsen \u2013 extranatt 600 kr \/ person i dubbelrum med frukostbuff\u00e9<br \/>\nK\u00f6p till passande vinpaket \u2013 tre glas 445 kr<br \/>\nTre glas + Mo\u00ebt &amp; Chandon vid tolvslaget 595 kr\u00a0\u00a0<\/em><\/p>\n<p><strong>Bokning Ny\u00e5rspaket<br \/>\n<\/strong>Via mail\u00a0<strong><a href=\"mailto:info@grandhotel-alingsas.se\">info@grandhotel-alingsas.se<\/a><\/strong>\u00a0alt telefon\u00a0<strong>0322-670100<\/strong><\/p>\n<h3><a href=\"https:\/\/grandhotel-alingsas.knowe.work\/wp-content\/uploads\/2024\/08\/Nyarssupe_2024.pdf\" target=\"_blank\" rel=\"noopener\"><strong>Ny\u00e5rssup\u00e9 meny &gt;&gt;<\/strong><\/a><\/h3>\n<p><strong>Villkor\u00a0<\/strong><br \/>\nEfter bokning\u00a0garanteras Er plats p\u00e5 arrangemanget genom inbetalning p\u00e5 bg 5806-6226<br \/>\ninom 10 dagar. Avbokning kostnadsfritt 10 dagar innan. Vidare instruktion f\u00f6ljer med bokningsbekr\u00e4ftelsen.<\/p>\n<p><strong>Placering<br \/>\n<\/strong>\u00c4r ni ett s\u00e4llskap p\u00e5 10 personer eller fler kan ni bli placerade vid tv\u00e5 eller flera bord.<\/p>\n<p>Har ni bokat p\u00e5 flera bokningsnummer men vill sitta tillsammans \u00e4r det viktigt att ni h\u00f6r av er till oss i god tid s\u00e5 l\u00f6ser vi detta. Maila till:\u00a0<strong><a href=\"info@grandhotel-alingsas.se\">info@grandhotel-alingsas.se<\/a><\/strong><\/p>\n<p><a class=\"single_add_to_cart_button button alt\" href=\"https:\/\/reservations.travelclick.com\/99544?ProdID=695022&amp;LanguageID=16\" target=\"_blank\" rel=\"nofollow noopener noreferrer\">BOKA PAKET<\/a><\/p>\n","protected":false},"excerpt":{"rendered":"<p>Fira in 2025 med oss p\u00e5 Grand Hotel i Alings\u00e5s &#8211; sk\u00f6na hotellrum, god mat &amp; bubbel. Underh\u00e5llningen bjuder Andrea, Ronnie, Frida &amp; Pelle med saxen p\u00e5!<\/p>\n","protected":false},"featured_media":2243,"comment_status":"open","ping_status":"closed","template":"","meta":{"_et_pb_use_builder":"","_et_pb_old_content":"","_et_gb_content_width":""},"product_cat":[9,54],"product_tag":[],"_links":{"self":[{"href":"https:\/\/grandhotel-alingsas.knowe.work\/en\/wp-json\/wp\/v2\/product\/1374"}],"collection":[{"href":"https:\/\/grandhotel-alingsas.knowe.work\/en\/wp-json\/wp\/v2\/product"}],"about":[{"href":"https:\/\/grandhotel-alingsas.knowe.work\/en\/wp-json\/wp\/v2\/types\/product"}],"replies":[{"embeddable":true,"href":"https:\/\/grandhotel-alingsas.knowe.work\/en\/wp-json\/wp\/v2\/comments?post=1374"}],"wp:featuredmedia":[{"embeddable":true,"href":"https:\/\/grandhotel-alingsas.knowe.work\/en\/wp-json\/wp\/v2\/media\/2243"}],"wp:attachment":[{"href":"https:\/\/grandhotel-alingsas.knowe.work\/en\/wp-json\/wp\/v2\/media?parent=1374"}],"wp:term":[{"taxonomy":"product_cat","embeddable":true,"href":"https:\/\/grandhotel-alingsas.knowe.work\/en\/wp-json\/wp\/v2\/product_cat?post=1374"},{"taxonomy":"product_tag","embeddable":true,"href":"https:\/\/grandhotel-alingsas.knowe.work\/en\/wp-json\/wp\/v2\/product_tag?post=1374"}],"curies":[{"name":"wp","href":"https:\/\/api.w.org\/{rel}","templated":true}]}}