{"id":2978,"date":"2019-11-04T09:10:28","date_gmt":"2019-11-04T08:10:28","guid":{"rendered":"https:\/\/grandhotel-alingsas.knowe.work\/?post_type=product&#038;p=2978"},"modified":"2024-09-20T09:35:44","modified_gmt":"2024-09-20T07:35:44","slug":"mordgata","status":"publish","type":"product","link":"https:\/\/grandhotel-alingsas.knowe.work\/en\/produkt\/mordgata\/","title":{"rendered":"Mordg\u00e5ta i Balsalen 1\/11 &#038; 31\/1"},"content":{"rendered":"<p style=\"text-align: left;\"><strong><em>Vilken underbart makaber tillst\u00e4llning i hotellets festv\u00e5ning. Ett mord mitt ibland g\u00e4sterna. Och Du, k\u00e4ra g\u00e4st, Du m\u00e5ste l\u00f6sa mordet!<\/em><\/strong><\/p>\n<p style=\"text-align: left;\">H\u00e4r f\u00e5r man sitta still och njuta av f\u00f6rest\u00e4llningen. Middagen serveras mellan akterna och ibland i.<br \/>\nDet \u00e4r en intensiv jakt p\u00e5 ledtr\u00e5dar, men gl\u00f6m inte att \u00e4ta.<\/p>\n<p style=\"text-align: left;\">Till skillnad fr\u00e5n G\u00e5ende mordg\u00e5tor\u00ae ser alla allt och det g\u00e4ller att vara precis s\u00e5 sk\u00e4rpt som just du \u00e4r, s\u00e5 att enbart du ser de avg\u00f6rande ledtr\u00e5darna. Bjud g\u00e4rna p\u00e5 ett extra glas till s\u00e4llskapet, s\u00e5 \u00e4r du mest sk\u00e4rpt!<\/p>\n<p style=\"text-align: left;\"><strong>F\u00f6rest\u00e4llningar Alings\u00e5s: 1 november 2024 &amp; 31 januari 2025<\/strong><\/p>\n<p style=\"text-align: left;\"><strong>Mordg\u00e5ta &amp; Middag: 1135 kr<br \/>\n<\/strong><strong>Mordg\u00e5ta, Middag, \u00d6vernattning i dubbelrum &amp; Frukost: 1.785 kr<\/strong><\/p>\n<p style=\"text-align: left;\">Biljetter med eller utan \u00f6vernattning bokas genom Comedy Art Theatre. Gl\u00f6m inte meddela specialkost vid allergi.<\/p>\n<p style=\"text-align: left;\"><strong style=\"color: #941e29; font-size: 22px;\"><a style=\"color: #941e29;\" href=\"https:\/\/sommarteater.nu\/forestallningar-evenemang\/mordgator\/skuggan-i-biblioteket-sittande-mordgata\" target=\"_blank\" rel=\"noopener\">L\u00e4s mer &amp; boka &gt;&gt;<\/a><\/strong><\/p>\n","protected":false},"excerpt":{"rendered":"<p>Vilken underbart makaber tillst\u00e4llning i hotellets festv\u00e5ning. Ett mord sker mitt ibland g\u00e4sterna&#8230;<\/p>\n","protected":false},"featured_media":10537,"comment_status":"closed","ping_status":"closed","template":"","meta":{"_et_pb_use_builder":"","_et_pb_old_content":"","_et_gb_content_width":""},"product_cat":[25],"product_tag":[],"_links":{"self":[{"href":"https:\/\/grandhotel-alingsas.knowe.work\/en\/wp-json\/wp\/v2\/product\/2978"}],"collection":[{"href":"https:\/\/grandhotel-alingsas.knowe.work\/en\/wp-json\/wp\/v2\/product"}],"about":[{"href":"https:\/\/grandhotel-alingsas.knowe.work\/en\/wp-json\/wp\/v2\/types\/product"}],"replies":[{"embeddable":true,"href":"https:\/\/grandhotel-alingsas.knowe.work\/en\/wp-json\/wp\/v2\/comments?post=2978"}],"wp:featuredmedia":[{"embeddable":true,"href":"https:\/\/grandhotel-alingsas.knowe.work\/en\/wp-json\/wp\/v2\/media\/10537"}],"wp:attachment":[{"href":"https:\/\/grandhotel-alingsas.knowe.work\/en\/wp-json\/wp\/v2\/media?parent=2978"}],"wp:term":[{"taxonomy":"product_cat","embeddable":true,"href":"https:\/\/grandhotel-alingsas.knowe.work\/en\/wp-json\/wp\/v2\/product_cat?post=2978"},{"taxonomy":"product_tag","embeddable":true,"href":"https:\/\/grandhotel-alingsas.knowe.work\/en\/wp-json\/wp\/v2\/product_tag?post=2978"}],"curies":[{"name":"wp","href":"https:\/\/api.w.org\/{rel}","templated":true}]}}