{"id":5772,"date":"2023-07-06T09:01:35","date_gmt":"2023-07-06T07:01:35","guid":{"rendered":"https:\/\/grandhotel-alingsas.knowe.work\/produkt\/runninglights\/"},"modified":"2024-08-27T15:11:00","modified_gmt":"2024-08-27T13:11:00","slug":"runninglights","status":"publish","type":"product","link":"https:\/\/grandhotel-alingsas.knowe.work\/en\/produkt\/runninglights\/","title":{"rendered":"Running Lights 12 oktober"},"content":{"rendered":"<h2 data-fontsize=\"20\" data-lineheight=\"30\">Spring Running Lights 12 oktober under Lights in Alings\u00e5s &#8211; \u201dMytologins magiska v\u00e4rld\u201d<\/h2>\n<p class=\"cart\"><strong>Uppt\u00e4ck vilken h\u00e4rlig energi ljuset kan ge i h\u00f6stm\u00f6rkret &#8211; Spring genom ett vackert upplyst Alings\u00e5s i samband med Lights in Alings\u00e5s. Vi ger er en mysig stad i ljus, sk\u00f6n hotellvistelse med god s\u00e4songsanpassad mat i samband med ert stadslopp p\u00e5 5 eller 10 km i Alings\u00e5s.\u00a0<\/strong><\/p>\n<p class=\"has-text-align-left\">Efter f\u00f6rra \u00e5rets succ\u00e9 ser vi fram emot \u00e4nnu ett \u00e5r med Running Lights \u2013 Sveriges mysigaste stadslopp?<br \/>\nH\u00e4r bokar du din plats i loppet <strong><a href=\"https:\/\/www.runninglights.se\/anmalan\/\">https:\/\/www.runninglights.se\/anmalan\/<\/a><\/strong><\/p>\n<p>Alings\u00e5s \u00f6ppnar upp f\u00f6r den 25:e upplagan av Lights in Alings\u00e5s. \u00c5rets ljuspromenad \u00e4r en slinga som str\u00e4cker sig b\u00e5de i stads- och naturmilj\u00f6. Starten \u00e4r precis utanf\u00f6r hotellet.<\/p>\n<p class=\"cart\">Efter loppet v\u00e4ntar en god middag i hotellets matsal. V\u00e4lj f\u00f6rr\u00e4tt &amp; varmr\u00e4tt fr\u00e5n Grands Lightsmeny,<\/p>\n<p><strong>Pris: fr 1095 kr per person\u00a0<\/strong><\/p>\n<p><strong>Paketet inkluderar:<\/strong><\/p>\n<ul>\n<li><strong>Tv\u00e5-r\u00e4tters middag<\/strong><\/li>\n<li><strong>Logi i dubbelrum <\/strong><\/li>\n<li><strong>Frukostbuff\u00e9<\/strong><\/li>\n<\/ul>\n<p>Om inget annat n\u00e4mns bokas er middag kl 20.00<\/p>\n<p><em>Extranatt logi &amp; frukost: 600 kr \/ person<br \/>\n<\/em><em>Enkelrumstill\u00e4gg: 400 kr<br \/>\nGrands matsal ej \u00f6ppen s\u00f6ndag &amp; m\u00e5ndag<br \/>\n<\/em><\/p>\n<h3><a href=\"https:\/\/grandhotel-alingsas.knowe.work\/wp-content\/uploads\/2023\/08\/Lightsmeny-2023-med-vinpaket.pdf\"><strong>Lightsmeny 2023 (2024 ej klar)\u00a0 &gt;&gt;<\/strong><\/a><\/h3>\n<p><strong>Bokning<br \/>\n<\/strong>Via mail\u00a0<strong><a href=\"mailto: info@grandhotel-alingsas.se\">info@grandhotel-alingsas.se<\/a><\/strong>\u00a0eller telefon\u00a0<strong>0322-670100 <\/strong>eller<strong> Boka online <\/strong>via l\u00e4nk nedan<strong>:<\/strong><\/p>\n<p><a class=\"single_add_to_cart_button button alt\" href=\"https:\/\/reservations.travelclick.com\/99544?ProdID=739393&amp;LanguageID=16\" target=\"_blank\" rel=\"nofollow noopener noreferrer\">BOKA PAKET<\/a><\/p>\n<p><strong><a href=\"https:\/\/www.lightsinalingsas.se\/\" target=\"_blank\" rel=\"noopener noreferrer\">L\u00e4nk till officiell hemsida f\u00f6r Lights in Alings\u00e5s &gt;&gt;<\/a><\/strong><\/p>\n<p><a href=\"https:\/\/grandhotel-alingsas.knowe.work\/wp-content\/uploads\/2023\/10\/Karta-LiA-2024.jpg\"><img loading=\"lazy\" decoding=\"async\" class=\"alignnone size-full wp-image-9397\" src=\"https:\/\/grandhotel-alingsas.knowe.work\/wp-content\/uploads\/2023\/10\/Karta-LiA-2024.jpg\" alt=\"\" width=\"526\" height=\"526\" srcset=\"https:\/\/grandhotel-alingsas.knowe.work\/wp-content\/uploads\/2023\/10\/Karta-LiA-2024.jpg 526w, https:\/\/grandhotel-alingsas.knowe.work\/wp-content\/uploads\/2023\/10\/Karta-LiA-2024-480x480.jpg 480w\" sizes=\"(min-width: 0px) and (max-width: 480px) 480px, (min-width: 481px) 526px, 100vw\" \/><\/a><\/p>\n<p><strong>Erbjudandet \u00e4r en del av Kulturh\u00f6st i V\u00e4stsverige<\/strong>, en satsning som samlar alla h\u00f6stens f\u00e4rgstarka kulturupplevelser. L\u00e4s mer om utbudet p\u00e5: <a href=\"https:\/\/www.vastsverige.com\/kulturhost\">www.vastsverige.com\/kulturhost<\/a><\/p>\n<p><a href=\"https:\/\/grandhotel-alingsas.knowe.work\/wp-content\/uploads\/2019\/05\/trv_kulturhost_symbol_k.png\"><img loading=\"lazy\" decoding=\"async\" class=\"alignnone size-medium wp-image-4875\" src=\"https:\/\/grandhotel-alingsas.knowe.work\/wp-content\/uploads\/2019\/05\/trv_kulturhost_symbol_k-300x159.png\" alt=\"trv_kulturhost_symbol_k\" width=\"300\" height=\"159\" srcset=\"https:\/\/grandhotel-alingsas.knowe.work\/wp-content\/uploads\/2019\/05\/trv_kulturhost_symbol_k-300x159.png 300w, https:\/\/grandhotel-alingsas.knowe.work\/wp-content\/uploads\/2019\/05\/trv_kulturhost_symbol_k-510x270.png 510w, https:\/\/grandhotel-alingsas.knowe.work\/wp-content\/uploads\/2019\/05\/trv_kulturhost_symbol_k-240x127.png 240w, https:\/\/grandhotel-alingsas.knowe.work\/wp-content\/uploads\/2019\/05\/trv_kulturhost_symbol_k-200x106.png 200w, https:\/\/grandhotel-alingsas.knowe.work\/wp-content\/uploads\/2019\/05\/trv_kulturhost_symbol_k-400x212.png 400w, https:\/\/grandhotel-alingsas.knowe.work\/wp-content\/uploads\/2019\/05\/trv_kulturhost_symbol_k.png 568w\" sizes=\"(max-width: 300px) 100vw, 300px\" \/><\/a><\/p>\n","protected":false},"excerpt":{"rendered":"<p>Spring Running Lights 12 oktober under Lights in Alings\u00e5s &#8211; \u201dMytologins magiska v\u00e4rld\u201d Uppt\u00e4ck vilken h\u00e4rlig energi ljuset kan ge i h\u00f6stm\u00f6rkret &#8211; Spring genom ett vackert upplyst Alings\u00e5s i [&hellip;]<\/p>\n","protected":false},"featured_media":5774,"comment_status":"closed","ping_status":"closed","template":"","meta":{"_et_pb_use_builder":"","_et_pb_old_content":"","_et_gb_content_width":""},"product_cat":[9,43],"product_tag":[],"_links":{"self":[{"href":"https:\/\/grandhotel-alingsas.knowe.work\/en\/wp-json\/wp\/v2\/product\/5772"}],"collection":[{"href":"https:\/\/grandhotel-alingsas.knowe.work\/en\/wp-json\/wp\/v2\/product"}],"about":[{"href":"https:\/\/grandhotel-alingsas.knowe.work\/en\/wp-json\/wp\/v2\/types\/product"}],"replies":[{"embeddable":true,"href":"https:\/\/grandhotel-alingsas.knowe.work\/en\/wp-json\/wp\/v2\/comments?post=5772"}],"wp:featuredmedia":[{"embeddable":true,"href":"https:\/\/grandhotel-alingsas.knowe.work\/en\/wp-json\/wp\/v2\/media\/5774"}],"wp:attachment":[{"href":"https:\/\/grandhotel-alingsas.knowe.work\/en\/wp-json\/wp\/v2\/media?parent=5772"}],"wp:term":[{"taxonomy":"product_cat","embeddable":true,"href":"https:\/\/grandhotel-alingsas.knowe.work\/en\/wp-json\/wp\/v2\/product_cat?post=5772"},{"taxonomy":"product_tag","embeddable":true,"href":"https:\/\/grandhotel-alingsas.knowe.work\/en\/wp-json\/wp\/v2\/product_tag?post=5772"}],"curies":[{"name":"wp","href":"https:\/\/api.w.org\/{rel}","templated":true}]}}