{"id":8788,"date":"2023-11-12T14:36:57","date_gmt":"2024-05-20T11:30:46","guid":{"rendered":"https:\/\/grandhotel-alingsas.knowe.work\/?post_type=product&#038;p=8788"},"modified":"2024-05-20T13:30:46","modified_gmt":"2024-05-20T11:30:46","slug":"golf-large","status":"publish","type":"product","link":"https:\/\/grandhotel-alingsas.knowe.work\/en\/produkt\/golf-large\/","title":{"rendered":"Golf Large"},"content":{"rendered":"<p>A complete package for the whole weekend with your friends or club. You arrive on friday playing golf. In the evening \u00a0we arrange a bowling competition and a hamburger-meal. Saturday, golf again and afterwards relax time in the sauna at the hotel. In the evening we serve a season-based three course dinner at the hotel.<\/p>\n<p><strong>Price: 3495 kr \/ person min 8 pax.<\/strong><\/p>\n<p><strong>Package includes:<\/strong><\/p>\n<ul>\n<li><strong>Two greenfee<\/strong><\/li>\n<li><strong>Accomodation two nights in doubleroom<\/strong><\/li>\n<li><strong>Beer\/wine at arrival of the hotel<\/strong><\/li>\n<li><strong>Hamburger-meal<\/strong><\/li>\n<li><strong>Bowling<\/strong><\/li>\n<li><strong>Three-course dinner with coffee\u00a0<\/strong><\/li>\n<li><strong>Breakfastbuffet<\/strong><\/li>\n<\/ul>\n<p><strong>Reservations<br \/>\n<\/strong>Via mail\u00a0<a href=\"mailto:%20info@grandhotel-alingsas.se\"><strong>info@grandhotel-alingsas.se<\/strong><\/a>\u00a0or phone\u00a0<strong>+46 322 670 100<\/strong><\/p>\n<p>We pre-book teetimes at these courses: \u00d6ijared (three 18-holes courses, Alings\u00e5s GK and V\u00e5rg\u00e5rda GK all within 20 km<strong>\u00a0<\/strong>from the hotel.<\/p>\n<p>We also book: Herrljunga GK, Koberg GK, Onsj\u00f6 GK, Ekarnas GK and Mj\u00f6lker\u00f6ds GK\u00a0in various directions from the hotel.<\/p>\n<p>Links to the golfclub websites:<br \/>\n<a href=\"https:\/\/grandhotel-alingsas.knowe.work\/golf\/alingsas-gk\/\">Alings\u00e5s GK<\/a>\u00a0 \u00a0 \u00a0<a href=\"https:\/\/grandhotel-alingsas.knowe.work\/golf\/vargarda-gk\/\">V\u00e5rg\u00e5rda GK<\/a>\u00a0 \u00a0 \u00a0<a href=\"https:\/\/grandhotel-alingsas.knowe.work\/golf\/oijared-golf\/\">\u00d6ijared Golf<\/a>\u00a0 \u00a0 \u00a0<a href=\"https:\/\/grandhotel-alingsas.knowe.work\/golf\/herrljunga-gk\/\">Herrljunga GK<\/a>\u00a0 \u00a0 \u00a0<a href=\"https:\/\/grandhotel-alingsas.knowe.work\/golf\/koberg-gk\/\">Koberg GK<\/a>\u00a0 \u00a0 \u00a0<a href=\"https:\/\/grandhotel-alingsas.knowe.work\/golf\/onsjo-gk\/\">Onsj\u00f6 GK<\/a>\u00a0 \u00a0\u00a0 <a href=\"https:\/\/grandhotel-alingsas.knowe.work\/golf\/ekarnas-gk\/\">Ekarnas GK<\/a><\/p>\n","protected":false},"excerpt":{"rendered":"<p>The complete package for a whole weekend with your best golf-friends.<\/p>\n","protected":false},"featured_media":6661,"comment_status":"open","ping_status":"closed","template":"","meta":{"_et_pb_use_builder":"","_et_pb_old_content":"","_et_gb_content_width":""},"product_cat":[],"product_tag":[],"_links":{"self":[{"href":"https:\/\/grandhotel-alingsas.knowe.work\/en\/wp-json\/wp\/v2\/product\/8788"}],"collection":[{"href":"https:\/\/grandhotel-alingsas.knowe.work\/en\/wp-json\/wp\/v2\/product"}],"about":[{"href":"https:\/\/grandhotel-alingsas.knowe.work\/en\/wp-json\/wp\/v2\/types\/product"}],"replies":[{"embeddable":true,"href":"https:\/\/grandhotel-alingsas.knowe.work\/en\/wp-json\/wp\/v2\/comments?post=8788"}],"wp:featuredmedia":[{"embeddable":true,"href":"https:\/\/grandhotel-alingsas.knowe.work\/en\/wp-json\/wp\/v2\/media\/6661"}],"wp:attachment":[{"href":"https:\/\/grandhotel-alingsas.knowe.work\/en\/wp-json\/wp\/v2\/media?parent=8788"}],"wp:term":[{"taxonomy":"product_cat","embeddable":true,"href":"https:\/\/grandhotel-alingsas.knowe.work\/en\/wp-json\/wp\/v2\/product_cat?post=8788"},{"taxonomy":"product_tag","embeddable":true,"href":"https:\/\/grandhotel-alingsas.knowe.work\/en\/wp-json\/wp\/v2\/product_tag?post=8788"}],"curies":[{"name":"wp","href":"https:\/\/api.w.org\/{rel}","templated":true}]}}